{"id":5,"date":"2011-09-21T09:58:08","date_gmt":"2011-09-21T09:58:08","guid":{"rendered":"http:\/\/localhost:8888\/hype\/erfahrungsfeld\/?page_id=5"},"modified":"2026-04-16T14:01:44","modified_gmt":"2026-04-16T14:01:44","slug":"startseite","status":"publish","type":"page","link":"https:\/\/www.erfahrungsfeld-schoen-und-gut.de\/","title":{"rendered":"Herzlich willkommen"},"content":{"rendered":"<h1>&#8222;<span style=\"color: #008000;\">SCH\u00d6N<\/span>UND<span style=\"color: #0000ff;\">GUT\u00a0<\/span>Erfahrungsfeld\u00a0Fischbacherberg&#8220;<\/h1>\n<p><img loading=\"lazy\" decoding=\"async\" class=\"size-full wp-image-250 alignnone\" title=\"home-1\" src=\"http:\/\/www.erfahrungsfeld-schoen-und-gut.de\/wp-content\/uploads\/2011\/09\/home-11.jpg\" alt=\"\" width=\"620\" height=\"396\" srcset=\"https:\/\/www.erfahrungsfeld-schoen-und-gut.de\/wp-content\/uploads\/2011\/09\/home-11.jpg 620w, https:\/\/www.erfahrungsfeld-schoen-und-gut.de\/wp-content\/uploads\/2011\/09\/home-11-300x191.jpg 300w\" sizes=\"auto, (max-width: 620px) 100vw, 620px\" \/><\/p>\n<p>Junge Menschen haben das Recht, herauszufinden, welches ihre St\u00e4rken sind und welche Arbeit zu ihnen passt.\u00a0<strong><span style=\"color: #008000;\">SCH\u00d6N<\/span>UND<span style=\"color: #0000ff;\">GUT<\/span><\/strong> wird ihnen zu diesem Recht verhelfen.<\/p>\n<p><strong><span style=\"color: #008000;\">SCH\u00d6N<\/span>UND<span style=\"color: #0000ff;\">GUT<\/span><\/strong> ist ein soziales, handwerkliches, k\u00fcnstlerisches und naturbezogenes Projekt, das in fortw\u00e4hrender Arbeit von sozial benachteilgten Jugendlichen und jungen Erwachsenen unter der Anleitung von bef\u00e4higten Fachleuten auf dem Gel\u00e4nde des ehemaligen Schie\u00dfstandes entwickelt und gestaltet wird.<\/p>\n<p>Diese Webseite bietet Ihnen neben einer allgemeinen Informationsplatform die M\u00f6glichkeit, die aktuelle Projektentwicklung mitzuerleben, die Projektchronologie nachzuvollziehen, Bildergalerien der Anlage, der Geb\u00e4ude und des alten Gel\u00e4ndes anzuschauen und Presseberichte zu unserem Projekt im Pressearchiv nachzulesen.<\/p>\n<p>G\u00e4ste sind auf dem Erfahrungsfeld\u00a0<strong><span style=\"color: #008000;\">SCH\u00d6N<\/span>UND<span style=\"color: #0000ff;\">GUT<\/span><\/strong>\u00a0stets herzlich willkommen <span style=\"text-decoration: underline;\">(Klaus-Hoppmann-Weg 1, Siegen, am Ende der Allensteiner Stra\u00dfe, hinter der Schranke den Berg hoch)<\/span>.<\/p>\n<h3>Aktuelle Projektentwicklung<\/h3>\n<p><em>(bitte klicken Sie auf das Bild )<\/em><\/p>\n<p><a href=\"http:\/\/www.erfahrungsfeld-schoen-und-gut.de\/?page_id=7\"><img loading=\"lazy\" decoding=\"async\" class=\"alignleft size-medium wp-image-351\" title=\"architekt_klaus_beck7\" src=\"http:\/\/www.erfahrungsfeld-schoen-und-gut.de\/wp-content\/uploads\/2011\/09\/architekt_klaus_beck7-300x211.jpg\" alt=\"\" width=\"300\" height=\"211\" srcset=\"https:\/\/www.erfahrungsfeld-schoen-und-gut.de\/wp-content\/uploads\/2011\/09\/architekt_klaus_beck7-300x211.jpg 300w, https:\/\/www.erfahrungsfeld-schoen-und-gut.de\/wp-content\/uploads\/2011\/09\/architekt_klaus_beck7-424x300.jpg 424w, https:\/\/www.erfahrungsfeld-schoen-und-gut.de\/wp-content\/uploads\/2011\/09\/architekt_klaus_beck7.jpg 842w\" sizes=\"auto, (max-width: 300px) 100vw, 300px\" \/><\/a><\/p>\n<p><a href=\"http:\/\/www.erfahrungsfeld-schoen-und-gut.de\/flyer.pdf\" target=\"_blank\" rel=\"noopener\"><img loading=\"lazy\" decoding=\"async\" width=\"179\" height=\"184\" class=\"align right size-full wp-image-335\" title=\"download-flyer\" src=\"http:\/\/www.erfahrungsfeld-schoen-und-gut.de\/wp-content\/uploads\/2011\/09\/download-flyer.jpg\" alt=\"\" \/><\/a><\/p>\n","protected":false},"excerpt":{"rendered":"<p>&#8222;SCH\u00d6NUNDGUT\u00a0Erfahrungsfeld\u00a0Fischbacherberg&#8220; Junge Menschen haben das Recht, herauszufinden, welches ihre St\u00e4rken sind und welche Arbeit zu ihnen passt.\u00a0SCH\u00d6NUNDGUT wird ihnen zu diesem Recht verhelfen. SCH\u00d6NUNDGUT ist ein soziales, handwerkliches, k\u00fcnstlerisches und naturbezogenes Projekt, das in fortw\u00e4hrender Arbeit von sozial benachteilgten Jugendlichen &hellip; <a href=\"https:\/\/www.erfahrungsfeld-schoen-und-gut.de\/\">Weiterlesen <span class=\"meta-nav\">&rarr;<\/span><\/a><\/p>\n","protected":false},"author":1,"featured_media":0,"parent":0,"menu_order":0,"comment_status":"open","ping_status":"open","template":"","meta":{"footnotes":""},"class_list":["post-5","page","type-page","status-publish","hentry"],"_links":{"self":[{"href":"https:\/\/www.erfahrungsfeld-schoen-und-gut.de\/index.php?rest_route=\/wp\/v2\/pages\/5","targetHints":{"allow":["GET"]}}],"collection":[{"href":"https:\/\/www.erfahrungsfeld-schoen-und-gut.de\/index.php?rest_route=\/wp\/v2\/pages"}],"about":[{"href":"https:\/\/www.erfahrungsfeld-schoen-und-gut.de\/index.php?rest_route=\/wp\/v2\/types\/page"}],"author":[{"embeddable":true,"href":"https:\/\/www.erfahrungsfeld-schoen-und-gut.de\/index.php?rest_route=\/wp\/v2\/users\/1"}],"replies":[{"embeddable":true,"href":"https:\/\/www.erfahrungsfeld-schoen-und-gut.de\/index.php?rest_route=%2Fwp%2Fv2%2Fcomments&post=5"}],"version-history":[{"count":7,"href":"https:\/\/www.erfahrungsfeld-schoen-und-gut.de\/index.php?rest_route=\/wp\/v2\/pages\/5\/revisions"}],"predecessor-version":[{"id":2461,"href":"https:\/\/www.erfahrungsfeld-schoen-und-gut.de\/index.php?rest_route=\/wp\/v2\/pages\/5\/revisions\/2461"}],"wp:attachment":[{"href":"https:\/\/www.erfahrungsfeld-schoen-und-gut.de\/index.php?rest_route=%2Fwp%2Fv2%2Fmedia&parent=5"}],"curies":[{"name":"wp","href":"https:\/\/api.w.org\/{rel}","templated":true}]}}