{"id":457,"date":"2011-11-21T17:18:23","date_gmt":"2011-11-21T17:18:23","guid":{"rendered":"http:\/\/www.erfahrungsfeld-schoen-und-gut.de\/?page_id=457"},"modified":"2013-06-03T09:17:26","modified_gmt":"2013-06-03T09:17:26","slug":"eingangsskulptur-2011","status":"publish","type":"page","link":"https:\/\/www.erfahrungsfeld-schoen-und-gut.de\/?page_id=457","title":{"rendered":"Eingangsskulptur (2011-2012)"},"content":{"rendered":"<p><a href=\"http:\/\/www.erfahrungsfeld-schoen-und-gut.de\/wp-content\/uploads\/2011\/11\/Skulptur-schwimmt.jpg\"><img loading=\"lazy\" decoding=\"async\" class=\"alignnone  wp-image-900\" title=\"Skulptur schwimmt\" alt=\"\" src=\"http:\/\/www.erfahrungsfeld-schoen-und-gut.de\/wp-content\/uploads\/2011\/11\/Skulptur-schwimmt-300x225.jpg\" width=\"270\" height=\"203\" srcset=\"https:\/\/www.erfahrungsfeld-schoen-und-gut.de\/wp-content\/uploads\/2011\/11\/Skulptur-schwimmt-300x225.jpg 300w, https:\/\/www.erfahrungsfeld-schoen-und-gut.de\/wp-content\/uploads\/2011\/11\/Skulptur-schwimmt-1024x768.jpg 1024w, https:\/\/www.erfahrungsfeld-schoen-und-gut.de\/wp-content\/uploads\/2011\/11\/Skulptur-schwimmt-400x300.jpg 400w\" sizes=\"auto, (max-width: 270px) 100vw, 270px\" \/><\/a>\u00a0 <a href=\"http:\/\/www.erfahrungsfeld-schoen-und-gut.de\/wp-content\/uploads\/2011\/11\/Skulptur-und-Biotop-2013.jpg\"><img loading=\"lazy\" decoding=\"async\" class=\"alignnone size-medium wp-image-1149\" alt=\"Skulptur und Biotop 2013\" src=\"http:\/\/www.erfahrungsfeld-schoen-und-gut.de\/wp-content\/uploads\/2011\/11\/Skulptur-und-Biotop-2013-300x200.jpg\" width=\"300\" height=\"200\" srcset=\"https:\/\/www.erfahrungsfeld-schoen-und-gut.de\/wp-content\/uploads\/2011\/11\/Skulptur-und-Biotop-2013-300x200.jpg 300w, https:\/\/www.erfahrungsfeld-schoen-und-gut.de\/wp-content\/uploads\/2011\/11\/Skulptur-und-Biotop-2013-1024x682.jpg 1024w, https:\/\/www.erfahrungsfeld-schoen-und-gut.de\/wp-content\/uploads\/2011\/11\/Skulptur-und-Biotop-2013-450x300.jpg 450w\" sizes=\"auto, (max-width: 300px) 100vw, 300px\" \/><\/a><\/p>\n<p>Der Startschuss f\u00fcr die Eingangsskulptur fiel im Oktober. Der Zimmermeister, der auch das Werkhaus mit ungelernten Jugendlichen errichtet hatte, war von der Hoppmann Stiftung beauftragt worden. W\u00e4hrend der insgesamt ca. 8-w\u00f6chigen Bauphase wurde die 9 Meter hohe Holzskulptur mit vier, zwischendurch auch mal f\u00fcnf jungen Menschen hochgezogen. Die vier Module der nach Fertigstellung begehbaren Skulptur wurden im Werkhaus zusammengezimmert und anschlie\u00dfend mit einem Kran auf das vorbereitete Fundament aufgesetzt. Parallel dazu wurden bereits hunderte von schmalen Latten mit einer rotbraunen Lasur gestrichen, die die Fassade verkleiden werden und dem Objekt eine besondere Note verleihen. Tausende Schrauben werden bis ca. Mitte Dezember verbaut.<\/p>\n<p style=\"text-align: left;\">Die Holzskulptur dient nicht nur als (zweifellos besonderer) Blickfang im Eingangsbereich des Gel\u00e4ndes. Von Beginn an wurde sie auch so konzipiert, dass einerseits die <strong>Errichtung als Qualifizierungs -und Erfahrungsprojekt f\u00fcr junge Menschen<\/strong> genutzt werden kann &#8211; und mittlerweile ja auch tats\u00e4chlich so genutzt wurde. Andererseits kann der interessierte Besucher in K\u00fcrze in die Skulptur <strong>hineingehen<\/strong> und sich dort an einem <strong>Info-Point<\/strong> \u00fcber die Geschichte und die m\u00f6gliche Zukunft des gesamtes Erfahrungsfeldes informiert. Dar\u00fcber hinaus soll die Skulptur nicht zuletzt auch ein<strong> Raum der Kunst und des Handwerks<\/strong>\u00a0sein.<\/p>\n<p>Das Projekt Eingangsskulptur wird nicht durch \u00f6ffentliche Mittel (Bund\/Land) gef\u00f6rdert. Die Hoppmann Stiftung freut sich daher sehr dar\u00fcber, dass mehrere Sponsoren den Bau der Skulptur finanziell unterst\u00fctzen. Dazu z\u00e4hlen insbesondere der\u00a0<em><strong>Lions Club Siegen, <\/strong><\/em>die Siegener\u00a0<strong><em>Sparkassenstiftung Zukunft<\/em><\/strong>, der Architekt <strong><em>Klaus Beck\u00a0<\/em><\/strong>und die <strong><em>Rademacher Ger\u00fcstbau GmbH<\/em><\/strong>\u00a0aus Kreuztal.\u00a0Ihnen allen daf\u00fcr auch an dieser Stelle <span style=\"color: #0000ff;\"><strong>HERZLICHEN DANK<\/strong><\/span>.<\/p>\n<p>Nachfolgend einige Fotos aus der gesamten Bauphase.<\/p>\n<p>[nggallery id=7]<\/p>\n","protected":false},"excerpt":{"rendered":"<p>\u00a0 Der Startschuss f\u00fcr die Eingangsskulptur fiel im Oktober. Der Zimmermeister, der auch das Werkhaus mit ungelernten Jugendlichen errichtet hatte, war von der Hoppmann Stiftung beauftragt worden. W\u00e4hrend der insgesamt ca. 8-w\u00f6chigen Bauphase wurde die 9 Meter hohe Holzskulptur mit &hellip; <a href=\"https:\/\/www.erfahrungsfeld-schoen-und-gut.de\/?page_id=457\">Weiterlesen <span class=\"meta-nav\">&rarr;<\/span><\/a><\/p>\n","protected":false},"author":2,"featured_media":0,"parent":9,"menu_order":0,"comment_status":"open","ping_status":"open","template":"","meta":{"footnotes":""},"class_list":["post-457","page","type-page","status-publish","hentry"],"_links":{"self":[{"href":"https:\/\/www.erfahrungsfeld-schoen-und-gut.de\/index.php?rest_route=\/wp\/v2\/pages\/457","targetHints":{"allow":["GET"]}}],"collection":[{"href":"https:\/\/www.erfahrungsfeld-schoen-und-gut.de\/index.php?rest_route=\/wp\/v2\/pages"}],"about":[{"href":"https:\/\/www.erfahrungsfeld-schoen-und-gut.de\/index.php?rest_route=\/wp\/v2\/types\/page"}],"author":[{"embeddable":true,"href":"https:\/\/www.erfahrungsfeld-schoen-und-gut.de\/index.php?rest_route=\/wp\/v2\/users\/2"}],"replies":[{"embeddable":true,"href":"https:\/\/www.erfahrungsfeld-schoen-und-gut.de\/index.php?rest_route=%2Fwp%2Fv2%2Fcomments&post=457"}],"version-history":[{"count":5,"href":"https:\/\/www.erfahrungsfeld-schoen-und-gut.de\/index.php?rest_route=\/wp\/v2\/pages\/457\/revisions"}],"predecessor-version":[{"id":1150,"href":"https:\/\/www.erfahrungsfeld-schoen-und-gut.de\/index.php?rest_route=\/wp\/v2\/pages\/457\/revisions\/1150"}],"up":[{"embeddable":true,"href":"https:\/\/www.erfahrungsfeld-schoen-und-gut.de\/index.php?rest_route=\/wp\/v2\/pages\/9"}],"wp:attachment":[{"href":"https:\/\/www.erfahrungsfeld-schoen-und-gut.de\/index.php?rest_route=%2Fwp%2Fv2%2Fmedia&parent=457"}],"curies":[{"name":"wp","href":"https:\/\/api.w.org\/{rel}","templated":true}]}}