{"id":529,"date":"2011-12-28T13:15:16","date_gmt":"2011-12-28T13:15:16","guid":{"rendered":"http:\/\/www.erfahrungsfeld-schoen-und-gut.de\/?page_id=529"},"modified":"2018-11-28T14:44:32","modified_gmt":"2018-11-28T14:44:32","slug":"jugendwerkstatt-ab-2012","status":"publish","type":"page","link":"http:\/\/www.erfahrungsfeld-schoen-und-gut.de\/?page_id=529","title":{"rendered":"Jugendwerkstatt (ab 2012)"},"content":{"rendered":"<h3>&nbsp;<a href=\"http:\/\/www.erfahrungsfeld-schoen-und-gut.de\/wp-content\/uploads\/2015\/09\/logo_Jugendwerkstatt_2014_09_12-freigestellt.jpg\"><img loading=\"lazy\" decoding=\"async\" class=\"alignnone size-medium wp-image-1759\" src=\"http:\/\/www.erfahrungsfeld-schoen-und-gut.de\/wp-content\/uploads\/2015\/09\/logo_Jugendwerkstatt_2014_09_12-freigestellt-300x154.jpg\" alt=\"logo_Jugendwerkstatt_2014_09_12 freigestellt\" width=\"300\" height=\"154\" srcset=\"http:\/\/www.erfahrungsfeld-schoen-und-gut.de\/wp-content\/uploads\/2015\/09\/logo_Jugendwerkstatt_2014_09_12-freigestellt-300x154.jpg 300w, http:\/\/www.erfahrungsfeld-schoen-und-gut.de\/wp-content\/uploads\/2015\/09\/logo_Jugendwerkstatt_2014_09_12-freigestellt-1024x524.jpg 1024w, http:\/\/www.erfahrungsfeld-schoen-und-gut.de\/wp-content\/uploads\/2015\/09\/logo_Jugendwerkstatt_2014_09_12-freigestellt-500x256.jpg 500w, http:\/\/www.erfahrungsfeld-schoen-und-gut.de\/wp-content\/uploads\/2015\/09\/logo_Jugendwerkstatt_2014_09_12-freigestellt-900x461.jpg 900w\" sizes=\"auto, (max-width: 300px) 100vw, 300px\" \/><\/a>&nbsp; <a href=\"http:\/\/www.erfahrungsfeld-schoen-und-gut.de\/wp-content\/uploads\/2011\/12\/Klappl\u00e4den4.jpg\"><img loading=\"lazy\" decoding=\"async\" class=\"alignnone size-thumbnail wp-image-1757\" src=\"http:\/\/www.erfahrungsfeld-schoen-und-gut.de\/wp-content\/uploads\/2011\/12\/Klappl\u00e4den4-150x150.jpg\" alt=\"Klappl\u00e4den4\" width=\"150\" height=\"150\" srcset=\"http:\/\/www.erfahrungsfeld-schoen-und-gut.de\/wp-content\/uploads\/2011\/12\/Klappl\u00e4den4-150x150.jpg 150w, http:\/\/www.erfahrungsfeld-schoen-und-gut.de\/wp-content\/uploads\/2011\/12\/Klappl\u00e4den4-144x144.jpg 144w\" sizes=\"auto, (max-width: 150px) 100vw, 150px\" \/><\/a><\/h3>\n<h3>2018:<\/h3>\n<p>Mittlerweile sind viele Dinge zur Routine geworden, aber langweilig wird es trotzdem nie.<\/p>\n<p>Die ersten Jahre haben gezeigt, dass f\u00fcr viele Teilnehmerinnen und Teilnehmer das vordringliche Ziel ein Schulabschluss ist. Gut, dass es zusammen mit der Ganztagshauptschule Achenbach gelungen ist, Lehrkr\u00e4fte stundenweise auf das Gel\u00e4nde zu bringen und dort in kleinen Gruppen zu unterrichten. Die jungen M\u00e4nner und M\u00e4nner, die sich in den letzten 3-4 Jahre zur Abschlusspr\u00fcfung angemeldet hatten, waren auch fast alle erfolgreich.<\/p>\n<h3>Mai 2015:<\/h3>\n<p>Die Jugendwerkstatt hat weitere sch\u00f6ne Sitzm\u00f6bel produziert, die zum Verweilen einladen.<\/p>\n<p><a href=\"http:\/\/www.erfahrungsfeld-schoen-und-gut.de\/wp-content\/uploads\/2015\/06\/DSC_1589.jpg\"><img loading=\"lazy\" decoding=\"async\" class=\"alignnone size-medium wp-image-1608\" src=\"http:\/\/www.erfahrungsfeld-schoen-und-gut.de\/wp-content\/uploads\/2015\/06\/DSC_1589-300x200.jpg\" alt=\"DSC_1589\" width=\"300\" height=\"200\" srcset=\"http:\/\/www.erfahrungsfeld-schoen-und-gut.de\/wp-content\/uploads\/2015\/06\/DSC_1589-300x200.jpg 300w, http:\/\/www.erfahrungsfeld-schoen-und-gut.de\/wp-content\/uploads\/2015\/06\/DSC_1589-1024x683.jpg 1024w, http:\/\/www.erfahrungsfeld-schoen-und-gut.de\/wp-content\/uploads\/2015\/06\/DSC_1589-450x300.jpg 450w\" sizes=\"auto, (max-width: 300px) 100vw, 300px\" \/><\/a><\/p>\n<h3>29. November 2014:<\/h3>\n<p>Das von der Jugendwerkstatt organisierte Event &#8222;Winterfeuer&#8220; kommt prima an und k\u00f6nnte zu einem &#8222;Dauerbrenner&#8220; werden.<\/p>\n<p><a href=\"http:\/\/www.erfahrungsfeld-schoen-und-gut.de\/wp-content\/uploads\/2014\/12\/DSC_0743.jpg\"><img loading=\"lazy\" decoding=\"async\" class=\"alignnone size-medium wp-image-1434\" src=\"http:\/\/www.erfahrungsfeld-schoen-und-gut.de\/wp-content\/uploads\/2014\/12\/DSC_0743-300x200.jpg\" alt=\"DSC_0743\" width=\"300\" height=\"200\" srcset=\"http:\/\/www.erfahrungsfeld-schoen-und-gut.de\/wp-content\/uploads\/2014\/12\/DSC_0743-300x200.jpg 300w, http:\/\/www.erfahrungsfeld-schoen-und-gut.de\/wp-content\/uploads\/2014\/12\/DSC_0743-1024x682.jpg 1024w, http:\/\/www.erfahrungsfeld-schoen-und-gut.de\/wp-content\/uploads\/2014\/12\/DSC_0743-450x300.jpg 450w\" sizes=\"auto, (max-width: 300px) 100vw, 300px\" \/><\/a>&nbsp;<a href=\"http:\/\/www.erfahrungsfeld-schoen-und-gut.de\/wp-content\/uploads\/2014\/12\/DSC_0724.jpg\"><img loading=\"lazy\" decoding=\"async\" class=\"alignnone size-medium wp-image-1433\" src=\"http:\/\/www.erfahrungsfeld-schoen-und-gut.de\/wp-content\/uploads\/2014\/12\/DSC_0724-300x200.jpg\" alt=\"DSC_0724\" width=\"300\" height=\"200\" srcset=\"http:\/\/www.erfahrungsfeld-schoen-und-gut.de\/wp-content\/uploads\/2014\/12\/DSC_0724-300x200.jpg 300w, http:\/\/www.erfahrungsfeld-schoen-und-gut.de\/wp-content\/uploads\/2014\/12\/DSC_0724-1024x682.jpg 1024w, http:\/\/www.erfahrungsfeld-schoen-und-gut.de\/wp-content\/uploads\/2014\/12\/DSC_0724-450x300.jpg 450w\" sizes=\"auto, (max-width: 300px) 100vw, 300px\" \/><\/a><\/p>\n<h3>Mai\/Juni 2013: &#8222;Nehmen Sie doch Platz!&#8220;<\/h3>\n<p>Ein neues Produkt der Jugendwerkstatt ziert nicht nur das Gel\u00e4nde, sondern l\u00e4dt den Besucher schon jetzt auch ein, Platz zu nehmen, mal durchzuschnaufen und den Blick in Ruhe schweifen zu lassen. Sitzb\u00e4nke dieser Art werden nach und nach auch noch an anderen Stellen des Erfahrungsfeld aufgestellt.<\/p>\n<p>Dar\u00fcber hinaus wurde ein Prototyp f\u00fcr eine Sitzgruppe fertig gestellt. Gewiss werden Sitzgelegenheiten dieser Art ebenso ihren Platz auf dem Gel\u00e4nde finden.<\/p>\n<p><a href=\"http:\/\/www.erfahrungsfeld-schoen-und-gut.de\/wp-content\/uploads\/2011\/12\/2013-05-30-Bank.jpg\"><img loading=\"lazy\" decoding=\"async\" class=\"alignnone size-medium wp-image-1147\" src=\"http:\/\/www.erfahrungsfeld-schoen-und-gut.de\/wp-content\/uploads\/2011\/12\/2013-05-30-Bank-300x200.jpg\" alt=\"2013 05 30 Bank\" width=\"300\" height=\"200\" srcset=\"http:\/\/www.erfahrungsfeld-schoen-und-gut.de\/wp-content\/uploads\/2011\/12\/2013-05-30-Bank-300x200.jpg 300w, http:\/\/www.erfahrungsfeld-schoen-und-gut.de\/wp-content\/uploads\/2011\/12\/2013-05-30-Bank-1024x682.jpg 1024w, http:\/\/www.erfahrungsfeld-schoen-und-gut.de\/wp-content\/uploads\/2011\/12\/2013-05-30-Bank-450x300.jpg 450w\" sizes=\"auto, (max-width: 300px) 100vw, 300px\" \/><\/a>&nbsp; <a href=\"http:\/\/www.erfahrungsfeld-schoen-und-gut.de\/wp-content\/uploads\/2011\/12\/2013-06-07-16-Prototyp-Sitzgruppe.jpg\"><img loading=\"lazy\" decoding=\"async\" class=\"alignnone size-medium wp-image-1164\" src=\"http:\/\/www.erfahrungsfeld-schoen-und-gut.de\/wp-content\/uploads\/2011\/12\/2013-06-07-16-Prototyp-Sitzgruppe-300x200.jpg\" alt=\"2013 06 07 (16) Prototyp Sitzgruppe\" width=\"300\" height=\"200\" srcset=\"http:\/\/www.erfahrungsfeld-schoen-und-gut.de\/wp-content\/uploads\/2011\/12\/2013-06-07-16-Prototyp-Sitzgruppe-300x200.jpg 300w, http:\/\/www.erfahrungsfeld-schoen-und-gut.de\/wp-content\/uploads\/2011\/12\/2013-06-07-16-Prototyp-Sitzgruppe-1024x682.jpg 1024w, http:\/\/www.erfahrungsfeld-schoen-und-gut.de\/wp-content\/uploads\/2011\/12\/2013-06-07-16-Prototyp-Sitzgruppe-450x300.jpg 450w\" sizes=\"auto, (max-width: 300px) 100vw, 300px\" \/><\/a><\/p>\n<h3>April 2013: R\u00fcckblick auf das erste Jahr der Jugendwerkstatt<\/h3>\n<p>Das erste Jahr ist rum &#8211; Zeit f\u00fcr ein Zwischenfazit.<\/p>\n<p>Bislang waren insgesamt 27 TeilnehmerInnen in der Jugendwerkstatt. Manche h\u00f6rten nach kurzer Zeit wieder auf, andere sind zwischenzeitlich fast ein Jahr dabei und kurz vor dem Ausscheiden. In der Regel arbeitet die Werkstatt mit 12-14 TeilnehmerInnen, zur Zeit f\u00fcnf M\u00e4dchen und neun Jungs. F\u00fcr einige von ihnen konnten Praktikumspl\u00e4tze gefunden und organisiert werden. Ein Schwerpunkt der Arbeit liegt \u00fcbrigens im Beziehungsmanagement. Das hei\u00dft, dass es f\u00fcr die meisten der jungen Menschen in der Jugendwerkstatt zun\u00e4chst wichtig ist, Stabilit\u00e4t, Zuverl\u00e4ssigkeit und Orientierung durch das P\u00e4dagogen- und Handwerkerteam zu erleben. Darauf baut die Entwicklung individueller Perspektiven auf, so dass es nach der Teilnahme in der Jugendwerkstatt auch m\u00f6glichst zielgerichtet weiter gehen kann.<\/p>\n<p>Das Spektrum der T\u00e4tigkeiten ist weit. Neben der handwerklichen Orientierung auf Holz- und Metallaufgaben geh\u00f6rt es zu den Aufgaben der Jugendwerkstatt, das Gel\u00e4nde zu pflegen und zu erhalten. Gerade im Fr\u00fchjahr hei\u00dft das viel Arbeit an der frischen Luft, wenn beispielsweise Gestr\u00fcpp entfernt und Teile der Bepflanzung beschnitten werden muss. &#8211; Es kann auch richtig Spa\u00df machen, wenn man mit dem (geschwindigkeitsreduzierten) Quad auf der zuk\u00fcnftigen Festwiese Grassamen verteilen oder den Boden planieren darf (s. Foto rechts).<\/p>\n<p><a href=\"http:\/\/www.erfahrungsfeld-schoen-und-gut.de\/wp-content\/uploads\/2011\/12\/2013-04-20-Forstarbeiten.jpg\"><img loading=\"lazy\" decoding=\"async\" class=\"alignnone size-medium wp-image-1092\" src=\"http:\/\/www.erfahrungsfeld-schoen-und-gut.de\/wp-content\/uploads\/2011\/12\/2013-04-20-Forstarbeiten-300x200.jpg\" alt=\"2013 04 20 Forstarbeiten\" width=\"300\" height=\"200\" srcset=\"http:\/\/www.erfahrungsfeld-schoen-und-gut.de\/wp-content\/uploads\/2011\/12\/2013-04-20-Forstarbeiten-300x200.jpg 300w, http:\/\/www.erfahrungsfeld-schoen-und-gut.de\/wp-content\/uploads\/2011\/12\/2013-04-20-Forstarbeiten-1024x682.jpg 1024w, http:\/\/www.erfahrungsfeld-schoen-und-gut.de\/wp-content\/uploads\/2011\/12\/2013-04-20-Forstarbeiten-450x300.jpg 450w\" sizes=\"auto, (max-width: 300px) 100vw, 300px\" \/><\/a>&nbsp; <a href=\"http:\/\/www.erfahrungsfeld-schoen-und-gut.de\/wp-content\/uploads\/2013\/05\/DSC_0462.jpg\"><img loading=\"lazy\" decoding=\"async\" class=\"alignnone size-medium wp-image-1134\" src=\"http:\/\/www.erfahrungsfeld-schoen-und-gut.de\/wp-content\/uploads\/2013\/05\/DSC_0462-300x200.jpg\" alt=\"DSC_0462\" width=\"300\" height=\"200\" srcset=\"http:\/\/www.erfahrungsfeld-schoen-und-gut.de\/wp-content\/uploads\/2013\/05\/DSC_0462-300x200.jpg 300w, http:\/\/www.erfahrungsfeld-schoen-und-gut.de\/wp-content\/uploads\/2013\/05\/DSC_0462-1024x682.jpg 1024w, http:\/\/www.erfahrungsfeld-schoen-und-gut.de\/wp-content\/uploads\/2013\/05\/DSC_0462-450x300.jpg 450w\" sizes=\"auto, (max-width: 300px) 100vw, 300px\" \/><\/a><\/p>\n<h3>August 2012: Die volle Auslastung ist fast erreicht.<\/h3>\n<p>Nach der 3-w\u00f6chigen Sommerpause ist die vorgesehene Kapazit\u00e4tsgrenze fast erreicht: Mittlerweile lernen und arbeiten in der Jugendwerkstatt 14 junge Menschen. Alle Beteiligten haben sich in den ersten Monaten nach und nach auf das &#8222;volle Programm&#8220; einstellen k\u00f6nnen. Diese Anlaufgeschwindigkeit war gerade richtig.<\/p>\n<p>[singlepic id=286 w=320 h=240 float=none]<\/p>\n<h3>M\u00e4rz 2012: Die Jugendwerkstatt hat den Betrieb aufgenommen.<\/h3>\n<p>Die Monate Januar und Februar wurden daf\u00fcr genutzt, die Jugendwerkstatt mit all dem auszustatten, was man so braucht. Nach und nach wurde das ben\u00f6tigte Equipment geliefert, so dass die Werkstatt mit dem Eintreffen der ersten Jugendlichen am 1. M\u00e4rz auch arbeitsf\u00e4hig war.<\/p>\n<p>[singlepic id=221 w=320 h=240 float=none]<\/p>\n<p>Nachdem der erste Monat mit sechs jungen Menschen erfolgreich absolviert wurde, werden nach den Osterferien mindestens drei weitere Jugendliche erwartet. Sie alle k\u00f6nnen sich jeweils f\u00fcr maximal ein Jahr auf dem Erfahrungsfeld erproben und individuelle Perspektiven entwickeln, wie es weiter gehen kann.<\/p>\n<p>Im Dauerbetrieb ist die Jugendwerkstatt f\u00fcr bis zu 16 TeilnehmerInnen ausgelegt.<\/p>\n<p>Am 15. M\u00e4rz fand unter Beteiligung der lokalen Presse und der Sponsoren die offizielle Schl\u00fcssel\u00fcbergabe an das Katholische Jugendwerk F\u00f6rderband Siegen-Wittgenstein e.V. statt. Weitere Details zu diesem Termin finden Sie in der Rubrik <span style=\"color: #ff0000;\"><strong>&#8222;Pressearchiv&#8220;<\/strong><\/span>.<\/p>\n<h3><strong>Dezember 2011: Die Jugendwerkstatt startet in K\u00fcrze.<\/strong><\/h3>\n<p>Ab 2012 wird ein vielversprechendes, aber zugleich auch sehr anspruchsvolles Projekt daf\u00fcr sorgen, dass auf dem Gel\u00e4nde noch mehr arbeitslose Jugendliche Erfahrungen machen und Basisqualifikationen erwerben k\u00f6nnen, die sie bei ihrem Zugang zum Ausbildungs- oder Arbeitsmarkt unterst\u00fctzen.<\/p>\n<p>In einem Kooperationsprojekt der Hoppmann Stiftung mit dem&nbsp;<strong>Katholischen Jugendwerk F\u00f6rderband Siegen-Wittgenstein e.V.<\/strong>&nbsp;wird im Werkhaus eine&nbsp;<strong>Jugendwerkstatt<\/strong>&nbsp;etabliert, in der von Beginn an 16 (!) jungen Menschen jeweils f\u00fcr die Dauer von bis zu einem Jahr verschiedenste Erfahrungs- und Bet\u00e4tigungsfelder auf dem Gel\u00e4nde&nbsp;zur Verf\u00fcgung gestellt werden. Die Werkstatt wird zun\u00e4chst f\u00fcr die Gewerke Holz sowie Garten- und Landschaftsbau ausgerichtet.<\/p>\n<p><a href=\"http:\/\/www.erfahrungsfeld-schoen-und-gut.de\/wp-content\/uploads\/2014\/09\/Logo-Jugendwerkstatt.jpg\"><img loading=\"lazy\" decoding=\"async\" class=\"alignnone size-thumbnail wp-image-1398\" src=\"http:\/\/www.erfahrungsfeld-schoen-und-gut.de\/wp-content\/uploads\/2014\/09\/Logo-Jugendwerkstatt-150x150.jpg\" alt=\"Logo Jugendwerkstatt\" width=\"150\" height=\"150\" srcset=\"http:\/\/www.erfahrungsfeld-schoen-und-gut.de\/wp-content\/uploads\/2014\/09\/Logo-Jugendwerkstatt-150x150.jpg 150w, http:\/\/www.erfahrungsfeld-schoen-und-gut.de\/wp-content\/uploads\/2014\/09\/Logo-Jugendwerkstatt.jpg 160w\" sizes=\"auto, (max-width: 150px) 100vw, 150px\" \/><\/a><\/p>\n<p>Das Landesjugendamt des LWL unterst\u00fctzt das Vorhaben. Die restlichen Kosten f\u00fcr die Anleitung, die p\u00e4dagogische Begleitung und Sonstiges schultert die Hoppmann Stiftung gemeinsam mit den Sponsoren&nbsp;<strong>&#8222;Sparkassenstiftung Zukunft&#8220;<\/strong>,&nbsp;<strong>&#8222;Job-Center Siegen&#8220;<\/strong>,&nbsp;<strong>&#8222;Kreis Siegen-Wittgenstein&#8220;<\/strong>&nbsp;und&nbsp;<strong>&#8222;Stadt Siegen&#8220;<\/strong>. An der Einrichtung\/Ausstattung der Werkstatt haben sich auch die&nbsp;<strong>&#8222;B\u00fcrgerstiftung Siegen&#8220;<\/strong>&nbsp;und der&nbsp;<strong>&#8222;Rotary Club Siegen&#8220;<\/strong>&nbsp;gro\u00dfz\u00fcgig beteiligt.<\/p>\n<p>Auf die jungen Menschen (zum Teil Schulabbrecher und\/oder Schulverweigerer) warten ganz unterschiedliche Projekte und Arbeiten: Gestaltung der Grillinseln, Wegebau, Zaunreparatur, Kunstprojekte wie z.B. ein Skulpturenweg u.v.m.<\/p>\n<p>Derzeit wird mit Hochdruck an der Einrichtung und Ausstattung der Jugendwerkstatt gearbeitet, so dass es schnellstm\u00f6glich losgehen kann.<\/p>\n<p>[nggallery id=8]<\/p>\n","protected":false},"excerpt":{"rendered":"<p>&nbsp;&nbsp; 2018: Mittlerweile sind viele Dinge zur Routine geworden, aber langweilig wird es trotzdem nie. Die ersten Jahre haben gezeigt, dass f\u00fcr viele Teilnehmerinnen und Teilnehmer das vordringliche Ziel ein Schulabschluss ist. Gut, dass es zusammen mit der Ganztagshauptschule Achenbach &hellip; <a href=\"http:\/\/www.erfahrungsfeld-schoen-und-gut.de\/?page_id=529\">Weiterlesen <span class=\"meta-nav\">&rarr;<\/span><\/a><\/p>\n","protected":false},"author":2,"featured_media":0,"parent":9,"menu_order":0,"comment_status":"open","ping_status":"open","template":"","meta":{"footnotes":""},"class_list":["post-529","page","type-page","status-publish","hentry"],"_links":{"self":[{"href":"http:\/\/www.erfahrungsfeld-schoen-und-gut.de\/index.php?rest_route=\/wp\/v2\/pages\/529","targetHints":{"allow":["GET"]}}],"collection":[{"href":"http:\/\/www.erfahrungsfeld-schoen-und-gut.de\/index.php?rest_route=\/wp\/v2\/pages"}],"about":[{"href":"http:\/\/www.erfahrungsfeld-schoen-und-gut.de\/index.php?rest_route=\/wp\/v2\/types\/page"}],"author":[{"embeddable":true,"href":"http:\/\/www.erfahrungsfeld-schoen-und-gut.de\/index.php?rest_route=\/wp\/v2\/users\/2"}],"replies":[{"embeddable":true,"href":"http:\/\/www.erfahrungsfeld-schoen-und-gut.de\/index.php?rest_route=%2Fwp%2Fv2%2Fcomments&post=529"}],"version-history":[{"count":5,"href":"http:\/\/www.erfahrungsfeld-schoen-und-gut.de\/index.php?rest_route=\/wp\/v2\/pages\/529\/revisions"}],"predecessor-version":[{"id":2038,"href":"http:\/\/www.erfahrungsfeld-schoen-und-gut.de\/index.php?rest_route=\/wp\/v2\/pages\/529\/revisions\/2038"}],"up":[{"embeddable":true,"href":"http:\/\/www.erfahrungsfeld-schoen-und-gut.de\/index.php?rest_route=\/wp\/v2\/pages\/9"}],"wp:attachment":[{"href":"http:\/\/www.erfahrungsfeld-schoen-und-gut.de\/index.php?rest_route=%2Fwp%2Fv2%2Fmedia&parent=529"}],"curies":[{"name":"wp","href":"https:\/\/api.w.org\/{rel}","templated":true}]}}